{"id":417,"date":"2023-02-09T14:28:00","date_gmt":"2023-02-09T13:28:00","guid":{"rendered":"http:\/\/servicesports.ccqb.fr\/?page_id=417"},"modified":"2023-03-13T17:02:55","modified_gmt":"2023-03-13T16:02:55","slug":"reserver-le-mini-bus","status":"publish","type":"page","link":"https:\/\/servicesports.ccqb.fr\/index.php\/reserver-le-mini-bus\/","title":{"rendered":"R\u00e9server le minibus"},"content":{"rendered":"\n<div class=\"wp-block-booking-booking\"><\/div>\n\n\n\n<p class=\"has-black-color has-text-color\">Attention ! Avant d&rsquo;envoyer votre demande de r\u00e9servation, pensez \u00e0 v\u00e9rifier les disponibilit\u00e9s du v\u00e9hicule sur<a href=\"http:\/\/servicesports.ccqb.fr\/index.php\/minibus-2\/\"> la page des <\/a><a rel=\"noreferrer noopener\" href=\"http:\/\/servicesports.ccqb.fr\/index.php\/minibus-2\/\" target=\"_blank\">plannings<\/a><a href=\"http:\/\/servicesports.ccqb.fr\/index.php\/minibus-2\/\">.<\/a><\/p>\n\n\n<div class=\"wpforms-container wpforms-container-full\" id=\"wpforms-549\"><form id=\"wpforms-form-549\" class=\"wpforms-validate wpforms-form wpforms-ajax-form\" data-formid=\"549\" method=\"post\" enctype=\"multipart\/form-data\" action=\"\/index.php\/wp-json\/wp\/v2\/pages\/417\" data-token=\"fba1233f34837e917c3322c61d2428e0\" data-token-time=\"1776587257\"><noscript class=\"wpforms-error-noscript\">Veuillez activer JavaScript dans votre navigateur pour remplir ce formulaire.<\/noscript><div class=\"wpforms-field-container\"><div id=\"wpforms-549-field_1-container\" class=\"wpforms-field wpforms-field-name\" data-field-id=\"1\"><label class=\"wpforms-field-label\" for=\"wpforms-549-field_1\">Intitul\u00e9 du club <span class=\"wpforms-required-label\">*<\/span><\/label><input type=\"text\" id=\"wpforms-549-field_1\" class=\"wpforms-field-medium wpforms-field-required\" name=\"wpforms[fields][1]\" required><\/div><div id=\"wpforms-549-field_2-container\" class=\"wpforms-field wpforms-field-name\" data-field-id=\"2\"><label class=\"wpforms-field-label\">Nom du responsable <span class=\"wpforms-required-label\">*<\/span><\/label><div class=\"wpforms-field-row wpforms-field-medium\"><div class=\"wpforms-field-row-block wpforms-first wpforms-one-half\"><input type=\"text\" id=\"wpforms-549-field_2\" class=\"wpforms-field-name-first wpforms-field-required\" name=\"wpforms[fields][2][first]\" required><label for=\"wpforms-549-field_2\" class=\"wpforms-field-sublabel after\">Pr\u00e9nom<\/label><\/div><div class=\"wpforms-field-row-block wpforms-one-half\"><input type=\"text\" id=\"wpforms-549-field_2-last\" class=\"wpforms-field-name-last wpforms-field-required\" name=\"wpforms[fields][2][last]\" required><label for=\"wpforms-549-field_2-last\" class=\"wpforms-field-sublabel after\">Nom<\/label><\/div><\/div><\/div><div id=\"wpforms-549-field_4-container\" class=\"wpforms-field wpforms-field-email\" data-field-id=\"4\"><label class=\"wpforms-field-label\" for=\"wpforms-549-field_4\">E-mail de contact <span class=\"wpforms-required-label\">*<\/span><\/label><input type=\"email\" id=\"wpforms-549-field_4\" class=\"wpforms-field-medium wpforms-field-required\" name=\"wpforms[fields][4]\" spellcheck=\"false\" required><\/div><div id=\"wpforms-549-field_6-container\" class=\"wpforms-field wpforms-field-text\" data-field-id=\"6\"><label class=\"wpforms-field-label\" for=\"wpforms-549-field_6\">Merci de pr\u00e9ciser le type de mat\u00e9riel et le nombre <span class=\"wpforms-required-label\">*<\/span><\/label><input type=\"text\" id=\"wpforms-549-field_6\" class=\"wpforms-field-medium wpforms-field-required\" name=\"wpforms[fields][6]\" required><\/div><div id=\"wpforms-549-field_3-container\" class=\"wpforms-field wpforms-field-textarea\" data-field-id=\"3\"><label class=\"wpforms-field-label\" for=\"wpforms-549-field_3\">Merci de pr\u00e9ciser les dates de la r\u00e9servation <span class=\"wpforms-required-label\">*<\/span><\/label><textarea id=\"wpforms-549-field_3\" class=\"wpforms-field-medium wpforms-field-required\" name=\"wpforms[fields][3]\" required><\/textarea><\/div><\/div><!-- .wpforms-field-container --><div class=\"wpforms-submit-container\" ><input type=\"hidden\" name=\"wpforms[id]\" value=\"549\"><input type=\"hidden\" name=\"page_title\" value=\"\"><input type=\"hidden\" name=\"page_url\" value=\"https:\/\/servicesports.ccqb.fr\/index.php\/wp-json\/wp\/v2\/pages\/417\"><input type=\"hidden\" name=\"url_referer\" value=\"\"><button type=\"submit\" name=\"wpforms[submit]\" id=\"wpforms-submit-549\" class=\"wpforms-submit\" data-alt-text=\"Envoi...\" data-submit-text=\"Envoyer\" aria-live=\"assertive\" value=\"wpforms-submit\">Envoyer<\/button><img decoding=\"async\" src=\"https:\/\/servicesports.ccqb.fr\/wp-content\/plugins\/wpforms-lite\/assets\/images\/submit-spin.svg\" class=\"wpforms-submit-spinner\" style=\"display: none;\" width=\"26\" height=\"26\" alt=\"Chargement en cours\"><\/div><\/form><\/div>  <!-- .wpforms-container -->\n","protected":false},"excerpt":{"rendered":"<p>Attention ! Avant d&rsquo;envoyer votre demande de r\u00e9servation, pensez \u00e0 v\u00e9rifier les disponibilit\u00e9s du v\u00e9hicule sur la page des plannings.<\/p>\n","protected":false},"author":1,"featured_media":83,"parent":0,"menu_order":0,"comment_status":"closed","ping_status":"closed","template":"","meta":{"_eb_attr":"","footnotes":""},"class_list":["post-417","page","type-page","status-publish","has-post-thumbnail","hentry"],"_links":{"self":[{"href":"https:\/\/servicesports.ccqb.fr\/index.php\/wp-json\/wp\/v2\/pages\/417","targetHints":{"allow":["GET"]}}],"collection":[{"href":"https:\/\/servicesports.ccqb.fr\/index.php\/wp-json\/wp\/v2\/pages"}],"about":[{"href":"https:\/\/servicesports.ccqb.fr\/index.php\/wp-json\/wp\/v2\/types\/page"}],"author":[{"embeddable":true,"href":"https:\/\/servicesports.ccqb.fr\/index.php\/wp-json\/wp\/v2\/users\/1"}],"replies":[{"embeddable":true,"href":"https:\/\/servicesports.ccqb.fr\/index.php\/wp-json\/wp\/v2\/comments?post=417"}],"version-history":[{"count":10,"href":"https:\/\/servicesports.ccqb.fr\/index.php\/wp-json\/wp\/v2\/pages\/417\/revisions"}],"predecessor-version":[{"id":555,"href":"https:\/\/servicesports.ccqb.fr\/index.php\/wp-json\/wp\/v2\/pages\/417\/revisions\/555"}],"wp:featuredmedia":[{"embeddable":true,"href":"https:\/\/servicesports.ccqb.fr\/index.php\/wp-json\/wp\/v2\/media\/83"}],"wp:attachment":[{"href":"https:\/\/servicesports.ccqb.fr\/index.php\/wp-json\/wp\/v2\/media?parent=417"}],"curies":[{"name":"wp","href":"https:\/\/api.w.org\/{rel}","templated":true}]}}