{"id":351,"date":"2023-02-02T14:25:26","date_gmt":"2023-02-02T13:25:26","guid":{"rendered":"http:\/\/servicesports.ccqb.fr\/?page_id=351"},"modified":"2026-02-16T11:55:42","modified_gmt":"2026-02-16T10:55:42","slug":"minibus-2","status":"publish","type":"page","link":"https:\/\/servicesports.ccqb.fr\/index.php\/minibus-2\/","title":{"rendered":"Planning r\u00e9servation Minibus"},"content":{"rendered":"\t\t<div data-elementor-type=\"wp-page\" data-elementor-id=\"351\" class=\"elementor elementor-351\">\n\t\t\t\t\t\t<section class=\"elementor-section elementor-top-section elementor-element elementor-element-58104f9 elementor-section-boxed elementor-section-height-default elementor-section-height-default\" data-id=\"58104f9\" data-element_type=\"section\">\n\t\t\t\t\t\t<div class=\"elementor-container elementor-column-gap-default\">\n\t\t\t\t\t<div class=\"elementor-column elementor-col-66 elementor-top-column elementor-element elementor-element-5aa7724\" data-id=\"5aa7724\" data-element_type=\"column\">\n\t\t\t<div class=\"elementor-widget-wrap elementor-element-populated\">\n\t\t\t\t\t\t<div class=\"elementor-element elementor-element-421b8e9 elementor-widget elementor-widget-heading\" data-id=\"421b8e9\" data-element_type=\"widget\" data-widget_type=\"heading.default\">\n\t\t\t\t<div class=\"elementor-widget-container\">\n\t\t\t<style>\/*! elementor - v3.23.0 - 05-08-2024 *\/\n.elementor-heading-title{padding:0;margin:0;line-height:1}.elementor-widget-heading .elementor-heading-title[class*=elementor-size-]>a{color:inherit;font-size:inherit;line-height:inherit}.elementor-widget-heading .elementor-heading-title.elementor-size-small{font-size:15px}.elementor-widget-heading .elementor-heading-title.elementor-size-medium{font-size:19px}.elementor-widget-heading .elementor-heading-title.elementor-size-large{font-size:29px}.elementor-widget-heading .elementor-heading-title.elementor-size-xl{font-size:39px}.elementor-widget-heading .elementor-heading-title.elementor-size-xxl{font-size:59px}<\/style><h2 class=\"elementor-heading-title elementor-size-default\">Saison 2026<\/h2>\t\t<\/div>\n\t\t\t\t<\/div>\n\t\t\t\t\t<\/div>\n\t\t<\/div>\n\t\t\t\t<div class=\"elementor-column elementor-col-33 elementor-top-column elementor-element elementor-element-7eb5be1\" data-id=\"7eb5be1\" data-element_type=\"column\">\n\t\t\t<div class=\"elementor-widget-wrap elementor-element-populated\">\n\t\t\t\t\t\t<div class=\"elementor-element elementor-element-67a0d7a elementor-widget-tablet__width-initial elementor-widget elementor-widget-image\" data-id=\"67a0d7a\" data-element_type=\"widget\" data-widget_type=\"image.default\">\n\t\t\t\t<div class=\"elementor-widget-container\">\n\t\t\t<style>\/*! elementor - v3.23.0 - 05-08-2024 *\/\n.elementor-widget-image{text-align:center}.elementor-widget-image a{display:inline-block}.elementor-widget-image a img[src$=\".svg\"]{width:48px}.elementor-widget-image img{vertical-align:middle;display:inline-block}<\/style>\t\t\t\t\t\t\t\t\t\t<img fetchpriority=\"high\" decoding=\"async\" width=\"768\" height=\"397\" src=\"https:\/\/servicesports.ccqb.fr\/wp-content\/uploads\/2026\/02\/Logo_Gourdon-768x397.jpg\" class=\"attachment-medium_large size-medium_large wp-image-3202\" alt=\"\" srcset=\"https:\/\/servicesports.ccqb.fr\/wp-content\/uploads\/2026\/02\/Logo_Gourdon-768x397.jpg 768w, https:\/\/servicesports.ccqb.fr\/wp-content\/uploads\/2026\/02\/Logo_Gourdon-300x155.jpg 300w, https:\/\/servicesports.ccqb.fr\/wp-content\/uploads\/2026\/02\/Logo_Gourdon-1024x529.jpg 1024w, https:\/\/servicesports.ccqb.fr\/wp-content\/uploads\/2026\/02\/Logo_Gourdon-1536x794.jpg 1536w, https:\/\/servicesports.ccqb.fr\/wp-content\/uploads\/2026\/02\/Logo_Gourdon-2048x1058.jpg 2048w, https:\/\/servicesports.ccqb.fr\/wp-content\/uploads\/2026\/02\/Logo_Gourdon-1920x992.jpg 1920w\" sizes=\"(max-width: 768px) 100vw, 768px\" \/>\t\t\t\t\t\t\t\t\t\t\t\t\t<\/div>\n\t\t\t\t<\/div>\n\t\t\t\t\t<\/div>\n\t\t<\/div>\n\t\t\t\t\t<\/div>\n\t\t<\/section>\n\t\t\t\t<section class=\"elementor-section elementor-top-section elementor-element elementor-element-b224454 elementor-section-boxed elementor-section-height-default elementor-section-height-default\" data-id=\"b224454\" data-element_type=\"section\">\n\t\t\t\t\t\t<div class=\"elementor-container elementor-column-gap-default\">\n\t\t\t\t\t<div class=\"elementor-column elementor-col-100 elementor-top-column elementor-element elementor-element-0a4f11d\" data-id=\"0a4f11d\" data-element_type=\"column\">\n\t\t\t<div class=\"elementor-widget-wrap elementor-element-populated\">\n\t\t\t\t\t\t<div class=\"elementor-element elementor-element-2880906 elementor-widget elementor-widget-embedpres_elementor\" data-id=\"2880906\" data-element_type=\"widget\" data-widget_type=\"embedpres_elementor.default\">\n\t\t\t\t<div class=\"elementor-widget-container\">\n\t\t\t\n\t\t<div class=\"embedpress-elements-wrapper  \" id=\"ep-elements-id-2880906\">\n\n\t\t\t\t\t\t\t<div id=\"ep-elementor-content-2880906\"\n\t\t\t\t\tclass=\"ep-elementor-content\n\t\t\t\t\t\t\t\t\t\t  ep-content-protection-disabled\t\t\t\t\tsource-default\t\t\t\t\t\">\n\n\t\t\t\t\t<div id=\"2880906\"\n\t\t\t\t\t\tclass=\"ep-embed-content-wrapper\n\t\t\t\t\t\t\t\t\t\t\t\t\t\t\t\t\t\tep-google-photos-\t\t\t\t\t\tdata-show-title=\"yes\"\t\t\t\t\t\t\"\n\t\t\t\t\t\t\t\t\t\t\t\t\t\t\t\t\t\t\t\t\t\t\t\t>\n\n\t\t\t\t\t\t<div id=\"ep-elementor-content-2880906\"\n\t\t\t\t\t\t\tclass=\"ep-elementor-content\n\t\t\t\t\t\t\t\t\t\t\t\t\t\t  ep-content-protection-disabled\t\t\t\t\t\t\tsource-default\">\n\n\t\t\t\t\t\t\t<div >\n\t\t\t\t\t\t\t\t<div id=\"2880906\"\n\t\t\t\t\t\t\t\t\tclass=\"ep-embed-content-wraper\n\t\t\t\t\t\t\t\t\t\"\n\t\t\t\t\t\t\t\t\t\t\t\t\t\t\t\t\t\t>\n\n\t\t\t\t\t\t\t\t\t\t\t\t\t\t\t\t\t<\/div>\n\n\t\t\t\t\t\t\t\t\n\t\t\t\t\t\t\t<\/div>\n\t\t\t\t\t\t<\/div>\n\t\t\t\t\t<\/div>\n\t\t\t\t<\/div>\n\n\t\t\t\n\t\t<\/div>\n\n\n\t\t\n\t\t<\/div>\n\t\t\t\t<\/div>\n\t\t\t\t<div class=\"elementor-element elementor-element-bb325d5 elementor-align-center elementor-widget elementor-widget-button\" data-id=\"bb325d5\" data-element_type=\"widget\" data-widget_type=\"button.default\">\n\t\t\t\t<div class=\"elementor-widget-container\">\n\t\t\t\t\t<div class=\"elementor-button-wrapper\">\n\t\t\t<a class=\"elementor-button elementor-button-link elementor-size-sm elementor-animation-wobble-top\" href=\"https:\/\/docs.google.com\/forms\/d\/e\/1FAIpQLScgDQgeTJsDz8CdkBrqYInlWg_vvyrCJjlfn8t5Esd08qV0Rg\/viewform?usp=header\">\n\t\t\t\t\t\t<span class=\"elementor-button-content-wrapper\">\n\t\t\t\t\t\t\t\t\t<span class=\"elementor-button-text\">Formulaire<\/span>\n\t\t\t\t\t<\/span>\n\t\t\t\t\t<\/a>\n\t\t<\/div>\n\t\t\t\t<\/div>\n\t\t\t\t<\/div>\n\t\t\t\t<div class=\"elementor-element elementor-element-b328abc elementor-widget elementor-widget-embedpres_elementor\" data-id=\"b328abc\" data-element_type=\"widget\" data-widget_type=\"embedpres_elementor.default\">\n\t\t\t\t<div class=\"elementor-widget-container\">\n\t\t\t\n\t\t<div class=\"embedpress-elements-wrapper  inline\" id=\"ep-elements-id-b328abc\">\n\n\t\t\t\t\t\t\t<div id=\"ep-elementor-content-b328abc\"\n\t\t\t\t\tclass=\"ep-elementor-content\n\t\t\t\t\t\t\t\t\t\t  ep-content-protection-disabled\t\t\t\t\tsource-calendly\t\t\t\t\t\">\n\n\t\t\t\t\t<div id=\"b328abc\"\n\t\t\t\t\t\tclass=\"ep-embed-content-wrapper\n\t\t\t\t\t\t\t\t\t\t\t\t\t\t\t\t\t\tep-google-photos-\t\t\t\t\t\tdata-show-title=\"yes\"\t\t\t\t\t\t\"\n\t\t\t\t\t\t\t\t\t\t\t\t\t\t\t\t\t\t\t\t\t\t\t\t>\n\n\t\t\t\t\t\t<div id=\"ep-elementor-content-b328abc\"\n\t\t\t\t\t\t\tclass=\"ep-elementor-content\n\t\t\t\t\t\t\t\t\t\t\t\t\t\t  ep-content-protection-disabled\t\t\t\t\t\t\tsource-calendly\">\n\n\t\t\t\t\t\t\t<div >\n\t\t\t\t\t\t\t\t<div id=\"b328abc\"\n\t\t\t\t\t\t\t\t\tclass=\"ep-embed-content-wraper\n\t\t\t\t\t\t\t\t\t\"\n\t\t\t\t\t\t\t\t\t\t\t\t\t\t\t\t\t\t>\n\n\t\t\t\t\t\t\t\t\t\t\t\t\t\t\t\t\t<\/div>\n\n\t\t\t\t\t\t\t\t\n\t\t\t\t\t\t\t<\/div>\n\t\t\t\t\t\t<\/div>\n\t\t\t\t\t<\/div>\n\t\t\t\t<\/div>\n\n\t\t\t\n\t\t<\/div>\n\n\n\t\t\n\t\t<\/div>\n\t\t\t\t<\/div>\n\t\t\t\t<div class=\"elementor-element elementor-element-87dfe01 elementor-widget elementor-widget-html\" data-id=\"87dfe01\" data-element_type=\"widget\" data-widget_type=\"html.default\">\n\t\t\t\t<div class=\"elementor-widget-container\">\n\t\t\t<iframe\n  src=https:\/\/calendar.google.com\/calendar\/embed?src=fb250f236b18630c875a2975f91bd4027bd583d0967192525b29e761d0b05540%40group.calendar.google.com&ctz=Europe%2FParis\n  &ctz=Europe\/Paris\n  &mode=MONTH\n  &showTitle=0\n  &showTabs=0\n  &showPrint=0\n  &showCalendars=0\n  &showDate=1\"\n  style=\"border:0\"\n  width=\"100%\"\n  height=\"600\"\n  frameborder=\"0\"\n  scrolling=\"no\">\n<\/iframe>\n\n\t\t<\/div>\n\t\t\t\t<\/div>\n\t\t\t\t\t<\/div>\n\t\t<\/div>\n\t\t\t\t\t<\/div>\n\t\t<\/section>\n\t\t\t\t<section class=\"elementor-section elementor-top-section elementor-element elementor-element-d9d78ef elementor-section-boxed elementor-section-height-default elementor-section-height-default\" data-id=\"d9d78ef\" data-element_type=\"section\">\n\t\t\t\t\t\t<div class=\"elementor-container elementor-column-gap-default\">\n\t\t\t\t\t<div class=\"elementor-column elementor-col-100 elementor-top-column elementor-element elementor-element-79ecb57\" data-id=\"79ecb57\" data-element_type=\"column\">\n\t\t\t<div class=\"elementor-widget-wrap elementor-element-populated\">\n\t\t\t\t\t\t<div class=\"elementor-element elementor-element-d92750f elementor-widget elementor-widget-text-editor\" data-id=\"d92750f\" data-element_type=\"widget\" data-widget_type=\"text-editor.default\">\n\t\t\t\t<div class=\"elementor-widget-container\">\n\t\t\t<style>\/*! elementor - v3.23.0 - 05-08-2024 *\/\n.elementor-widget-text-editor.elementor-drop-cap-view-stacked .elementor-drop-cap{background-color:#69727d;color:#fff}.elementor-widget-text-editor.elementor-drop-cap-view-framed .elementor-drop-cap{color:#69727d;border:3px solid;background-color:transparent}.elementor-widget-text-editor:not(.elementor-drop-cap-view-default) .elementor-drop-cap{margin-top:8px}.elementor-widget-text-editor:not(.elementor-drop-cap-view-default) .elementor-drop-cap-letter{width:1em;height:1em}.elementor-widget-text-editor .elementor-drop-cap{float:left;text-align:center;line-height:1;font-size:50px}.elementor-widget-text-editor .elementor-drop-cap-letter{display:inline-block}<\/style>\t\t\t\t<p>Cette utilisation engage \u00e0 :<\/p><ul><li>Prendre connaissance de l\u2019\u00e9tat du v\u00e9hicule et compl\u00e9ter le carnet de bord avant le d\u00e9part, et lors de la<\/li><\/ul><p>restitution du v\u00e9hicule<\/p><ul><li>Se conformer aux conditions g\u00e9n\u00e9rales d\u2019utilisation du v\u00e9hicule<\/li><li>Etre responsable en cas de non-respect du code de la route<\/li><li>Restituer le v\u00e9hicule propre, et avec son plein de gazole<\/li><li>Retirer les clefs au service des sports au plus tard la veille de l\u2019utilisation<\/li><\/ul><p>\u00a0<\/p><p>Conditions d\u2019utilisation :<\/p><ul><li>Convention (Mairie \u2013association utilisatrice)<\/li><li>Photocopie(s) permis de conduire d\u00e9pos\u00e9e(s) au service des sports<\/li><li>Caution de 500\u20ac \u00e0 l\u2019ordre du Tr\u00e9sor Public (correspondant au montant de la franchise) qui vous sera restitu\u00e9 si le v\u00e9hicule n\u2019a subi aucun dommage.<\/li><li>R\u00e8glement sur facture de 0,30 \u20ac du kilom\u00e8tre (participation aux frais d\u2019entretien du v\u00e9hicule) Tarif<\/li><\/ul>\t\t\t\t\t\t<\/div>\n\t\t\t\t<\/div>\n\t\t\t\t\t<\/div>\n\t\t<\/div>\n\t\t\t\t\t<\/div>\n\t\t<\/section>\n\t\t\t\t<section class=\"elementor-section elementor-top-section elementor-element elementor-element-c34cd31 elementor-section-boxed elementor-section-height-default elementor-section-height-default\" data-id=\"c34cd31\" data-element_type=\"section\">\n\t\t\t\t\t\t<div class=\"elementor-container elementor-column-gap-default\">\n\t\t\t\t\t<div class=\"elementor-column elementor-col-100 elementor-top-column elementor-element elementor-element-0a6895d\" data-id=\"0a6895d\" data-element_type=\"column\">\n\t\t\t<div class=\"elementor-widget-wrap elementor-element-populated\">\n\t\t\t\t\t\t<div class=\"elementor-element elementor-element-1725b53 elementor-widget elementor-widget-embedpress_pdf\" data-id=\"1725b53\" data-element_type=\"widget\" data-widget_type=\"embedpress_pdf.default\">\n\t\t\t\t<div class=\"elementor-widget-container\">\n\t\t\t    <div class=\"embedpress-document-embed ep-doc-36c8a11a11a7234c1a07869a1fa8af00 ose-document emebedpress-unit-percent \" data-thememode=\"default\" data-customcolor=\"\" data-toolbar=\"yes\" data-toolbar-position=\"top\" data-open=\"no\" data-presentation-mode=\"yes\" data-download=\"yes\" data-copy=\"yes\" data-add-image=\"yes\" data-rotate=\"yes\" data-details=\"yes\" data-id=\"embedpress-pdf-1725b53\" data-selection-tool=\"0\" data-scrolling=\"0\" data-spreads=\"-1\" style=\" max-width:100%; display: inline-block\">\n\n        \n                <div >\n\n                    <div id=\"ep-elementor-content-1725b53\" class=\"ep-elementor-content   ep-percentage-width   ep-content-protection-disabled\">\n                        <div id=\"1725b53\" class=\"ep-embed-content-wraper\">\n                            <div><iframe title=\"CONVENTION pr\u00eat minibus Renault\" class=\"embedpress-embed-document-pdf embedpress-pdf-1725b53\" allowfullscreen=\"true\" mozallowfullscreen=\"true\" webkitallowfullscreen=\"true\" style=\"width: 600%!important;height: 600px;; max-width:100%;\" src=\"http:\/\/servicesports.ccqb.fr\/wp-content\/uploads\/2026\/02\/CONVENTION-pret-minibus-Renault.pdf\" class=\"embedpress-embed-document-pdf embedpress-pdf-1725b53\" data-emid=\"embedpress-pdf-1725b53\" data-embed-type=\"PDF\"><\/iframe><p class=\"embedpress-el-powered\">Powered By EmbedPress<\/p><\/div>                        <\/div>\n\n                    <\/div>\n\n\n                   \n                <\/div>\n            \n    <\/div>\n\n\t\t<\/div>\n\t\t\t\t<\/div>\n\t\t\t\t\t<\/div>\n\t\t<\/div>\n\t\t\t\t\t<\/div>\n\t\t<\/section>\n\t\t\t\t<\/div>\n\t\t","protected":false},"excerpt":{"rendered":"<p>Saison 2026 Formulaire<\/p>\n","protected":false},"author":1,"featured_media":83,"parent":0,"menu_order":0,"comment_status":"closed","ping_status":"closed","template":"","meta":{"_eb_attr":"","footnotes":""},"class_list":["post-351","page","type-page","status-publish","has-post-thumbnail","hentry"],"_links":{"self":[{"href":"https:\/\/servicesports.ccqb.fr\/index.php\/wp-json\/wp\/v2\/pages\/351","targetHints":{"allow":["GET"]}}],"collection":[{"href":"https:\/\/servicesports.ccqb.fr\/index.php\/wp-json\/wp\/v2\/pages"}],"about":[{"href":"https:\/\/servicesports.ccqb.fr\/index.php\/wp-json\/wp\/v2\/types\/page"}],"author":[{"embeddable":true,"href":"https:\/\/servicesports.ccqb.fr\/index.php\/wp-json\/wp\/v2\/users\/1"}],"replies":[{"embeddable":true,"href":"https:\/\/servicesports.ccqb.fr\/index.php\/wp-json\/wp\/v2\/comments?post=351"}],"version-history":[{"count":387,"href":"https:\/\/servicesports.ccqb.fr\/index.php\/wp-json\/wp\/v2\/pages\/351\/revisions"}],"predecessor-version":[{"id":3343,"href":"https:\/\/servicesports.ccqb.fr\/index.php\/wp-json\/wp\/v2\/pages\/351\/revisions\/3343"}],"wp:featuredmedia":[{"embeddable":true,"href":"https:\/\/servicesports.ccqb.fr\/index.php\/wp-json\/wp\/v2\/media\/83"}],"wp:attachment":[{"href":"https:\/\/servicesports.ccqb.fr\/index.php\/wp-json\/wp\/v2\/media?parent=351"}],"curies":[{"name":"wp","href":"https:\/\/api.w.org\/{rel}","templated":true}]}}