{"id":3395,"date":"2026-02-25T09:52:00","date_gmt":"2026-02-25T08:52:00","guid":{"rendered":"https:\/\/servicesports.ccqb.fr\/?page_id=3395"},"modified":"2026-02-25T09:54:59","modified_gmt":"2026-02-25T08:54:59","slug":"bouriane-sport-evenement","status":"publish","type":"page","link":"https:\/\/servicesports.ccqb.fr\/index.php\/bouriane-sport-evenement\/","title":{"rendered":"Bouriane Sport Evenement"},"content":{"rendered":"\t\t<div data-elementor-type=\"wp-page\" data-elementor-id=\"3395\" class=\"elementor elementor-3395\">\n\t\t\t\t\t\t<section class=\"elementor-section elementor-top-section elementor-element elementor-element-a813b2c elementor-section-boxed elementor-section-height-default elementor-section-height-default\" data-id=\"a813b2c\" data-element_type=\"section\">\n\t\t\t\t\t\t<div class=\"elementor-container elementor-column-gap-default\">\n\t\t\t\t\t<div class=\"elementor-column elementor-col-100 elementor-top-column elementor-element elementor-element-1632fca\" data-id=\"1632fca\" data-element_type=\"column\">\n\t\t\t<div class=\"elementor-widget-wrap elementor-element-populated\">\n\t\t\t\t\t\t<div class=\"elementor-element elementor-element-cf6510b elementor-widget elementor-widget-html\" data-id=\"cf6510b\" data-element_type=\"widget\" data-widget_type=\"html.default\">\n\t\t\t\t<div class=\"elementor-widget-container\">\n\t\t\t<!DOCTYPE html>\n<html lang=\"fr\">\n<head>\n    <meta charset=\"UTF-8\">\n    <meta name=\"viewport\" content=\"width=device-width, initial-scale=1.0\">\n    <title>Bouriane Sport \u00c9v\u00e9nement<\/title>\n\n    <style>\n        \/* ===== RESET & BASE (Mobile-first) ===== *\/\n        * {\n            box-sizing: border-box;\n        }\n\n        body {\n            margin: 0;\n            font-family: \"Segoe UI\", Arial, sans-serif;\n            background: #f2f6f9;\n            color: #333;\n        }\n\n        h1, h2 {\n            margin-top: 0;\n        }\n\n        \/* ===== CONTAINER ===== *\/\n        .container {\n            max-width: 100%;\n            margin: 0;\n            background: #fff;\n        }\n\n        \/* ===== HEADER ===== *\/\n        header {\n            background: linear-gradient(135deg, #1e88e5, #1565c0);\n            color: white;\n            padding: 25px 20px;\n            text-align: center;\n        }\n\n        header h1 {\n            font-size: 1.8em;\n        }\n\n        header p {\n            font-size: 1em;\n            opacity: 0.95;\n        }\n\n        \/* ===== CONTENT ===== *\/\n        .content {\n            padding: 20px;\n        }\n\n        .content p {\n            line-height: 1.6;\n            margin-bottom: 20px;\n        }\n\n        \/* ===== EQUIPMENT ===== *\/\n        .equipment h2 {\n            color: #1565c0;\n            margin-bottom: 15px;\n        }\n\n        .equipment ul {\n            list-style: none;\n            padding: 0;\n            margin: 0;\n        }\n\n        .equipment li {\n            background: #f5f9ff;\n            margin-bottom: 10px;\n            padding: 12px;\n            border-radius: 8px;\n        }\n\n        \/* ===== HIGHLIGHT ===== *\/\n        .highlight {\n            background: #e3f2fd;\n            border-left: 5px solid #1e88e5;\n            padding: 15px;\n            margin: 25px 0;\n            border-radius: 6px;\n        }\n\n        \/* ===== FORM ===== *\/\n        .contact-form {\n            margin-top: 30px;\n        }\n\n        .contact-form h2 {\n            color: #1565c0;\n            margin-bottom: 15px;\n        }\n\n        form {\n            display: flex;\n            flex-direction: column;\n            gap: 12px;\n        }\n\n        input, textarea {\n            padding: 12px;\n            font-size: 1em;\n            border-radius: 6px;\n            border: 1px solid #ccc;\n            width: 100%;\n        }\n\n        textarea {\n            resize: vertical;\n            min-height: 120px;\n        }\n\n        button {\n            background: #1e88e5;\n            color: white;\n            border: none;\n            padding: 14px;\n            font-size: 1em;\n            border-radius: 30px;\n            cursor: pointer;\n        }\n\n        button:hover {\n            background: #1565c0;\n        }\n\n        \/* ===== FOOTER ===== *\/\n        footer {\n            text-align: center;\n            padding: 15px;\n            font-size: 0.9em;\n            background: #f2f2f2;\n            color: #777;\n        }\n\n        \/* ===== RESPONSIVE (Tablette & Desktop) ===== *\/\n        @media (min-width: 768px) {\n            .container {\n                max-width: 900px;\n                margin: 30px auto;\n                border-radius: 12px;\n                box-shadow: 0 10px 25px rgba(0,0,0,0.1);\n            }\n\n            .equipment ul {\n                display: grid;\n                grid-template-columns: repeat(2, 1fr);\n                gap: 12px;\n            }\n        }\n    <\/style>\n<\/head>\n<body>\n\n<div class=\"container\">\n    <header>\n        <h1>Bouriane Sport \u00c9v\u00e9nement<\/h1>\n        <p>Accompagnement des associations sportives<\/p>\n    <\/header>\n\n    <div class=\"content\">\n        <p>\n            L\u2019association <strong>Bouriane Sport \u00c9v\u00e9nement<\/strong> a pour vocation\n            d\u2019accompagner et de soutenir les autres associations sportives dans\n            l\u2019organisation de leurs \u00e9v\u00e9nements festifs et sportifs.\n        <\/p>\n\n        <p>\n            Gr\u00e2ce \u00e0 la mise \u00e0 disposition de <strong>moyens humains et mat\u00e9riels<\/strong>,\n            l\u2019association facilite le bon d\u00e9roulement des manifestations :\n            comp\u00e9titions, tournois, f\u00eates sportives ou \u00e9v\u00e9nements associatifs.\n        <\/p>\n\n        <section class=\"equipment\">\n            <h2>Mat\u00e9riel mis \u00e0 disposition<\/h2>\n            <ul>\n                <li>\u2615 Percolateur de 15 litres<\/li>\n                <li>\u2615 Percolateur de 12 litres<\/li>\n                <li>\ud83d\udd0a Sonorisation avec micro et tr\u00e9pied<\/li>\n                <li>\u2764\ufe0f D\u00e9fibrillateur<\/li>\n                <li>\ud83d\udcfb Talkies-walkies<\/li>\n                <li>\u26fa Barnum 3 x 3 m\u00e8tres<\/li>\n                <li>\ud83c\udf79 Bar amovible pour barnum<\/li>\n            <\/ul>\n        <\/section>\n\n        <div class=\"highlight\">\n            L\u2019association travaille en \u00e9troite collaboration avec les associations sportives\n            afin de co-construire les projets et d\u2019apporter un soutien logistique et humain adapt\u00e9.\n        <\/div>\n\n        <!-- FORMULAIRE -->\n        <section class=\"contact-form\">\n            <h2>Nous contacter<\/h2>\n\n            <form action=\"mailto:servicesports@ccqb.fr\" method=\"post\" enctype=\"text\/plain\">\n                <input type=\"text\" name=\"Nom\" placeholder=\"Votre nom\" required>\n                <input type=\"email\" name=\"Email\" placeholder=\"Votre email\" required>\n                <input type=\"text\" name=\"Objet\" placeholder=\"Objet de votre demande\" required>\n                <textarea name=\"Message\" placeholder=\"Votre message\" required><\/textarea>\n                <button type=\"submit\">Envoyer le message<\/button>\n            <\/form>\n        <\/section>\n    <\/div>\n\n    <footer>\n        \u00a9 Bouriane Sport \u00c9v\u00e9nement \u2013 Contact : servicesports@ccqb.fr\n    <\/footer>\n<\/div>\n\n<\/body>\n<\/html>\t\t<\/div>\n\t\t\t\t<\/div>\n\t\t\t\t\t<\/div>\n\t\t<\/div>\n\t\t\t\t\t<\/div>\n\t\t<\/section>\n\t\t\t\t<\/div>\n\t\t","protected":false},"excerpt":{"rendered":"<p>Bouriane Sport \u00c9v\u00e9nement Bouriane Sport \u00c9v\u00e9nement Accompagnement des associations sportives L\u2019association Bouriane Sport \u00c9v\u00e9nement a pour vocation d\u2019accompagner et de soutenir les autres associations sportives dans l\u2019organisation de leurs \u00e9v\u00e9nements festifs et sportifs. Gr\u00e2ce \u00e0 la mise \u00e0 disposition de moyens humains et mat\u00e9riels, l\u2019association facilite le bon d\u00e9roulement des manifestations : comp\u00e9titions, tournois, f\u00eates&hellip; <br \/> <a class=\"read-more\" href=\"https:\/\/servicesports.ccqb.fr\/index.php\/bouriane-sport-evenement\/\">Lire la suite<\/a><\/p>\n","protected":false},"author":1,"featured_media":0,"parent":0,"menu_order":0,"comment_status":"closed","ping_status":"closed","template":"","meta":{"_eb_attr":"","footnotes":""},"class_list":["post-3395","page","type-page","status-publish","hentry"],"_links":{"self":[{"href":"https:\/\/servicesports.ccqb.fr\/index.php\/wp-json\/wp\/v2\/pages\/3395","targetHints":{"allow":["GET"]}}],"collection":[{"href":"https:\/\/servicesports.ccqb.fr\/index.php\/wp-json\/wp\/v2\/pages"}],"about":[{"href":"https:\/\/servicesports.ccqb.fr\/index.php\/wp-json\/wp\/v2\/types\/page"}],"author":[{"embeddable":true,"href":"https:\/\/servicesports.ccqb.fr\/index.php\/wp-json\/wp\/v2\/users\/1"}],"replies":[{"embeddable":true,"href":"https:\/\/servicesports.ccqb.fr\/index.php\/wp-json\/wp\/v2\/comments?post=3395"}],"version-history":[{"count":9,"href":"https:\/\/servicesports.ccqb.fr\/index.php\/wp-json\/wp\/v2\/pages\/3395\/revisions"}],"predecessor-version":[{"id":3404,"href":"https:\/\/servicesports.ccqb.fr\/index.php\/wp-json\/wp\/v2\/pages\/3395\/revisions\/3404"}],"wp:attachment":[{"href":"https:\/\/servicesports.ccqb.fr\/index.php\/wp-json\/wp\/v2\/media?parent=3395"}],"curies":[{"name":"wp","href":"https:\/\/api.w.org\/{rel}","templated":true}]}}