{"id":144,"date":"2023-02-01T15:56:25","date_gmt":"2023-02-01T14:56:25","guid":{"rendered":"http:\/\/servicesports.ccqb.fr\/?page_id=144"},"modified":"2026-04-20T10:01:26","modified_gmt":"2026-04-20T08:01:26","slug":"planning-le-vigan","status":"publish","type":"page","link":"https:\/\/servicesports.ccqb.fr\/index.php\/planning-le-vigan\/","title":{"rendered":"Planning Le Vigan en Quercy"},"content":{"rendered":"\n<figure class=\"wp-block-image size-large\"><img fetchpriority=\"high\" decoding=\"async\" width=\"1024\" height=\"724\" src=\"https:\/\/servicesports.ccqb.fr\/wp-content\/uploads\/2025\/11\/planning-vigan-2025-2026-bis_page-0001-1024x724.jpg\" alt=\"\" class=\"wp-image-2830\" srcset=\"https:\/\/servicesports.ccqb.fr\/wp-content\/uploads\/2025\/11\/planning-vigan-2025-2026-bis_page-0001-1024x724.jpg 1024w, https:\/\/servicesports.ccqb.fr\/wp-content\/uploads\/2025\/11\/planning-vigan-2025-2026-bis_page-0001-300x212.jpg 300w, https:\/\/servicesports.ccqb.fr\/wp-content\/uploads\/2025\/11\/planning-vigan-2025-2026-bis_page-0001-768x543.jpg 768w, https:\/\/servicesports.ccqb.fr\/wp-content\/uploads\/2025\/11\/planning-vigan-2025-2026-bis_page-0001-1536x1086.jpg 1536w, https:\/\/servicesports.ccqb.fr\/wp-content\/uploads\/2025\/11\/planning-vigan-2025-2026-bis_page-0001-2048x1448.jpg 2048w, https:\/\/servicesports.ccqb.fr\/wp-content\/uploads\/2025\/11\/planning-vigan-2025-2026-bis_page-0001-1527x1080.jpg 1527w\" sizes=\"(max-width: 1024px) 100vw, 1024px\" \/><\/figure>\n\n\n\n<div data-wp-interactive=\"core\/file\" class=\"wp-block-file\"><object data-wp-bind--hidden=\"!state.hasPdfPreview\" hidden class=\"wp-block-file__embed\" data=\"https:\/\/servicesports.ccqb.fr\/wp-content\/uploads\/2025\/11\/planning-vigan-2025-2026-bis.pdf\" type=\"application\/pdf\" style=\"width:100%;height:600px\" aria-label=\"Contenu embarqu\u00e9 planning vigan 2025 2026 bis.\"><\/object><a id=\"wp-block-file--media-6db2fe8d-704c-45e6-9afa-30a36d27905c\" href=\"https:\/\/servicesports.ccqb.fr\/wp-content\/uploads\/2025\/11\/planning-vigan-2025-2026-bis.pdf\" target=\"_blank\" rel=\"noreferrer noopener\">planning vigan 2025 2026 bis<\/a><a href=\"https:\/\/servicesports.ccqb.fr\/wp-content\/uploads\/2025\/11\/planning-vigan-2025-2026-bis.pdf\" class=\"wp-block-file__button wp-element-button\" download aria-describedby=\"wp-block-file--media-6db2fe8d-704c-45e6-9afa-30a36d27905c\">T\u00e9l\u00e9charger<\/a><\/div>\n\n\n\n<figure class=\"wp-block-image size-large\"><img decoding=\"async\" width=\"1024\" height=\"724\" src=\"https:\/\/servicesports.ccqb.fr\/wp-content\/uploads\/2026\/04\/Planning-maj-reservation-2025-2026-Le-Vigan_page-0001-1-1024x724.jpg\" alt=\"\" class=\"wp-image-3513\" srcset=\"https:\/\/servicesports.ccqb.fr\/wp-content\/uploads\/2026\/04\/Planning-maj-reservation-2025-2026-Le-Vigan_page-0001-1-1024x724.jpg 1024w, https:\/\/servicesports.ccqb.fr\/wp-content\/uploads\/2026\/04\/Planning-maj-reservation-2025-2026-Le-Vigan_page-0001-1-300x212.jpg 300w, https:\/\/servicesports.ccqb.fr\/wp-content\/uploads\/2026\/04\/Planning-maj-reservation-2025-2026-Le-Vigan_page-0001-1-768x543.jpg 768w, https:\/\/servicesports.ccqb.fr\/wp-content\/uploads\/2026\/04\/Planning-maj-reservation-2025-2026-Le-Vigan_page-0001-1-1536x1086.jpg 1536w, https:\/\/servicesports.ccqb.fr\/wp-content\/uploads\/2026\/04\/Planning-maj-reservation-2025-2026-Le-Vigan_page-0001-1-2048x1448.jpg 2048w, https:\/\/servicesports.ccqb.fr\/wp-content\/uploads\/2026\/04\/Planning-maj-reservation-2025-2026-Le-Vigan_page-0001-1-1527x1080.jpg 1527w\" sizes=\"(max-width: 1024px) 100vw, 1024px\" \/><\/figure>\n\n\n\n<figure class=\"wp-block-image size-large\"><img decoding=\"async\" width=\"1024\" height=\"724\" src=\"https:\/\/servicesports.ccqb.fr\/wp-content\/uploads\/2026\/04\/Planning-maj-reservation-2025-2026-Le-Vigan_page-0002-1-1024x724.jpg\" alt=\"\" class=\"wp-image-3514\" srcset=\"https:\/\/servicesports.ccqb.fr\/wp-content\/uploads\/2026\/04\/Planning-maj-reservation-2025-2026-Le-Vigan_page-0002-1-1024x724.jpg 1024w, https:\/\/servicesports.ccqb.fr\/wp-content\/uploads\/2026\/04\/Planning-maj-reservation-2025-2026-Le-Vigan_page-0002-1-300x212.jpg 300w, https:\/\/servicesports.ccqb.fr\/wp-content\/uploads\/2026\/04\/Planning-maj-reservation-2025-2026-Le-Vigan_page-0002-1-768x543.jpg 768w, https:\/\/servicesports.ccqb.fr\/wp-content\/uploads\/2026\/04\/Planning-maj-reservation-2025-2026-Le-Vigan_page-0002-1-1536x1086.jpg 1536w, https:\/\/servicesports.ccqb.fr\/wp-content\/uploads\/2026\/04\/Planning-maj-reservation-2025-2026-Le-Vigan_page-0002-1-2048x1448.jpg 2048w, https:\/\/servicesports.ccqb.fr\/wp-content\/uploads\/2026\/04\/Planning-maj-reservation-2025-2026-Le-Vigan_page-0002-1-1527x1080.jpg 1527w\" sizes=\"(max-width: 1024px) 100vw, 1024px\" \/><\/figure>\n\n\n\n<figure class=\"wp-block-image size-large\"><img loading=\"lazy\" decoding=\"async\" width=\"1024\" height=\"724\" src=\"https:\/\/servicesports.ccqb.fr\/wp-content\/uploads\/2026\/04\/Planning-maj-reservation-2025-2026-Le-Vigan_page-0003-1-1024x724.jpg\" alt=\"\" class=\"wp-image-3515\" srcset=\"https:\/\/servicesports.ccqb.fr\/wp-content\/uploads\/2026\/04\/Planning-maj-reservation-2025-2026-Le-Vigan_page-0003-1-1024x724.jpg 1024w, https:\/\/servicesports.ccqb.fr\/wp-content\/uploads\/2026\/04\/Planning-maj-reservation-2025-2026-Le-Vigan_page-0003-1-300x212.jpg 300w, https:\/\/servicesports.ccqb.fr\/wp-content\/uploads\/2026\/04\/Planning-maj-reservation-2025-2026-Le-Vigan_page-0003-1-768x543.jpg 768w, https:\/\/servicesports.ccqb.fr\/wp-content\/uploads\/2026\/04\/Planning-maj-reservation-2025-2026-Le-Vigan_page-0003-1-1536x1086.jpg 1536w, https:\/\/servicesports.ccqb.fr\/wp-content\/uploads\/2026\/04\/Planning-maj-reservation-2025-2026-Le-Vigan_page-0003-1-2048x1448.jpg 2048w, https:\/\/servicesports.ccqb.fr\/wp-content\/uploads\/2026\/04\/Planning-maj-reservation-2025-2026-Le-Vigan_page-0003-1-1527x1080.jpg 1527w\" sizes=\"(max-width: 1024px) 100vw, 1024px\" \/><\/figure>\n\n\n\n<div data-wp-interactive=\"core\/file\" class=\"wp-block-file\"><object data-wp-bind--hidden=\"!state.hasPdfPreview\" hidden class=\"wp-block-file__embed\" data=\"https:\/\/servicesports.ccqb.fr\/wp-content\/uploads\/2026\/04\/Planning-maj-reservation-2025-2026-Le-Vigan-1.pdf\" type=\"application\/pdf\" style=\"width:100%;height:600px\" aria-label=\"Contenu embarqu\u00e9 Planning m\u00e0j r\u00e9servation 2025-2026 - Le Vigan.\"><\/object><a id=\"wp-block-file--media-cb10f50f-1997-40d5-995d-0bca7dfcb605\" href=\"https:\/\/servicesports.ccqb.fr\/wp-content\/uploads\/2026\/04\/Planning-maj-reservation-2025-2026-Le-Vigan-1.pdf\">Planning m\u00e0j r\u00e9servation 2025-2026 &#8211; Le Vigan<\/a><a href=\"https:\/\/servicesports.ccqb.fr\/wp-content\/uploads\/2026\/04\/Planning-maj-reservation-2025-2026-Le-Vigan-1.pdf\" class=\"wp-block-file__button wp-element-button\" download aria-describedby=\"wp-block-file--media-cb10f50f-1997-40d5-995d-0bca7dfcb605\">T\u00e9l\u00e9charger<\/a><\/div>\n\n\n\n<p><\/p>\n","protected":false},"excerpt":{"rendered":"","protected":false},"author":1,"featured_media":466,"parent":0,"menu_order":0,"comment_status":"closed","ping_status":"closed","template":"","meta":{"_eb_attr":"","footnotes":""},"class_list":["post-144","page","type-page","status-publish","has-post-thumbnail","hentry"],"_links":{"self":[{"href":"https:\/\/servicesports.ccqb.fr\/index.php\/wp-json\/wp\/v2\/pages\/144","targetHints":{"allow":["GET"]}}],"collection":[{"href":"https:\/\/servicesports.ccqb.fr\/index.php\/wp-json\/wp\/v2\/pages"}],"about":[{"href":"https:\/\/servicesports.ccqb.fr\/index.php\/wp-json\/wp\/v2\/types\/page"}],"author":[{"embeddable":true,"href":"https:\/\/servicesports.ccqb.fr\/index.php\/wp-json\/wp\/v2\/users\/1"}],"replies":[{"embeddable":true,"href":"https:\/\/servicesports.ccqb.fr\/index.php\/wp-json\/wp\/v2\/comments?post=144"}],"version-history":[{"count":28,"href":"https:\/\/servicesports.ccqb.fr\/index.php\/wp-json\/wp\/v2\/pages\/144\/revisions"}],"predecessor-version":[{"id":3517,"href":"https:\/\/servicesports.ccqb.fr\/index.php\/wp-json\/wp\/v2\/pages\/144\/revisions\/3517"}],"wp:featuredmedia":[{"embeddable":true,"href":"https:\/\/servicesports.ccqb.fr\/index.php\/wp-json\/wp\/v2\/media\/466"}],"wp:attachment":[{"href":"https:\/\/servicesports.ccqb.fr\/index.php\/wp-json\/wp\/v2\/media?parent=144"}],"curies":[{"name":"wp","href":"https:\/\/api.w.org\/{rel}","templated":true}]}}