{"id":1338,"date":"2023-04-24T13:37:49","date_gmt":"2023-04-24T11:37:49","guid":{"rendered":"http:\/\/servicesports.ccqb.fr\/?page_id=1338"},"modified":"2026-03-11T09:44:55","modified_gmt":"2026-03-11T08:44:55","slug":"sport-en-liberte","status":"publish","type":"page","link":"https:\/\/servicesports.ccqb.fr\/index.php\/sport-en-liberte\/","title":{"rendered":"Sport en libert\u00e9"},"content":{"rendered":"\t\t<div data-elementor-type=\"wp-page\" data-elementor-id=\"1338\" class=\"elementor elementor-1338\">\n\t\t\t\t\t\t<section class=\"elementor-section elementor-top-section elementor-element elementor-element-30d235c elementor-section-boxed elementor-section-height-default elementor-section-height-default\" data-id=\"30d235c\" data-element_type=\"section\">\n\t\t\t\t\t\t<div class=\"elementor-container elementor-column-gap-default\">\n\t\t\t\t\t<div class=\"elementor-column elementor-col-100 elementor-top-column elementor-element elementor-element-bc5e544\" data-id=\"bc5e544\" data-element_type=\"column\">\n\t\t\t<div class=\"elementor-widget-wrap elementor-element-populated\">\n\t\t\t\t\t\t<div class=\"elementor-element elementor-element-bd72c90 elementor-widget__width-initial elementor-widget elementor-widget-image\" data-id=\"bd72c90\" data-element_type=\"widget\" data-widget_type=\"image.default\">\n\t\t\t\t<div class=\"elementor-widget-container\">\n\t\t\t<style>\/*! elementor - v3.23.0 - 05-08-2024 *\/\n.elementor-widget-image{text-align:center}.elementor-widget-image a{display:inline-block}.elementor-widget-image a img[src$=\".svg\"]{width:48px}.elementor-widget-image img{vertical-align:middle;display:inline-block}<\/style>\t\t\t\t\t\t\t\t\t\t<img fetchpriority=\"high\" decoding=\"async\" width=\"1024\" height=\"583\" src=\"https:\/\/servicesports.ccqb.fr\/wp-content\/uploads\/2025\/03\/DALL\u00b7E-2025-03-18-09.06.28-A-dynamic-sports-banner-for-an-outdoor-orienteering-event-in-a-clean-and-modern-horizontal-layout.-The-design-should-feature-a-compass-a-simplified-o-1024x583.jpg\" class=\"attachment-large size-large wp-image-2444\" alt=\"\" srcset=\"https:\/\/servicesports.ccqb.fr\/wp-content\/uploads\/2025\/03\/DALL\u00b7E-2025-03-18-09.06.28-A-dynamic-sports-banner-for-an-outdoor-orienteering-event-in-a-clean-and-modern-horizontal-layout.-The-design-should-feature-a-compass-a-simplified-o-1024x583.jpg 1024w, https:\/\/servicesports.ccqb.fr\/wp-content\/uploads\/2025\/03\/DALL\u00b7E-2025-03-18-09.06.28-A-dynamic-sports-banner-for-an-outdoor-orienteering-event-in-a-clean-and-modern-horizontal-layout.-The-design-should-feature-a-compass-a-simplified-o-300x171.jpg 300w, https:\/\/servicesports.ccqb.fr\/wp-content\/uploads\/2025\/03\/DALL\u00b7E-2025-03-18-09.06.28-A-dynamic-sports-banner-for-an-outdoor-orienteering-event-in-a-clean-and-modern-horizontal-layout.-The-design-should-feature-a-compass-a-simplified-o-768x438.jpg 768w, https:\/\/servicesports.ccqb.fr\/wp-content\/uploads\/2025\/03\/DALL\u00b7E-2025-03-18-09.06.28-A-dynamic-sports-banner-for-an-outdoor-orienteering-event-in-a-clean-and-modern-horizontal-layout.-The-design-should-feature-a-compass-a-simplified-o-1536x875.jpg 1536w, https:\/\/servicesports.ccqb.fr\/wp-content\/uploads\/2025\/03\/DALL\u00b7E-2025-03-18-09.06.28-A-dynamic-sports-banner-for-an-outdoor-orienteering-event-in-a-clean-and-modern-horizontal-layout.-The-design-should-feature-a-compass-a-simplified-o.jpg 1792w\" sizes=\"(max-width: 1024px) 100vw, 1024px\" \/>\t\t\t\t\t\t\t\t\t\t\t\t\t<\/div>\n\t\t\t\t<\/div>\n\t\t\t\t\t<\/div>\n\t\t<\/div>\n\t\t\t\t\t<\/div>\n\t\t<\/section>\n\t\t\t\t<section class=\"elementor-section elementor-top-section elementor-element elementor-element-1b71931 elementor-section-boxed elementor-section-height-default elementor-section-height-default\" data-id=\"1b71931\" data-element_type=\"section\">\n\t\t\t\t\t\t<div class=\"elementor-container elementor-column-gap-default\">\n\t\t\t\t\t<div class=\"elementor-column elementor-col-100 elementor-top-column elementor-element elementor-element-97ddbf8\" data-id=\"97ddbf8\" data-element_type=\"column\">\n\t\t\t<div class=\"elementor-widget-wrap elementor-element-populated\">\n\t\t\t\t\t\t<div class=\"elementor-element elementor-element-b3b12ef elementor-widget elementor-widget-text-editor\" data-id=\"b3b12ef\" data-element_type=\"widget\" data-widget_type=\"text-editor.default\">\n\t\t\t\t<div class=\"elementor-widget-container\">\n\t\t\t<style>\/*! elementor - v3.23.0 - 05-08-2024 *\/\n.elementor-widget-text-editor.elementor-drop-cap-view-stacked .elementor-drop-cap{background-color:#69727d;color:#fff}.elementor-widget-text-editor.elementor-drop-cap-view-framed .elementor-drop-cap{color:#69727d;border:3px solid;background-color:transparent}.elementor-widget-text-editor:not(.elementor-drop-cap-view-default) .elementor-drop-cap{margin-top:8px}.elementor-widget-text-editor:not(.elementor-drop-cap-view-default) .elementor-drop-cap-letter{width:1em;height:1em}.elementor-widget-text-editor .elementor-drop-cap{float:left;text-align:center;line-height:1;font-size:50px}.elementor-widget-text-editor .elementor-drop-cap-letter{display:inline-block}<\/style>\t\t\t\t<h3 data-start=\"137\" data-end=\"196\"><strong data-start=\"141\" data-end=\"194\">D\u00e9couvrez les parcours d\u2019orientation de Gourdon !<\/strong><\/h3>\n<p data-start=\"198\" data-end=\"337\">La Ville de Gourdon met gratuitement \u00e0 votre disposition <strong data-start=\"255\" data-end=\"286\">deux parcours d\u2019orientation<\/strong> pour explorer des sites naturels exceptionnels :<\/p>\n<p data-start=\"339\" data-end=\"410\">\ud83d\udccd <strong data-start=\"342\" data-end=\"381\">Base de loisirs \u00ab\u00a0\u00c9coute s&rsquo;il pleut\u00a0\u00bb<\/strong><br data-start=\"381\" data-end=\"384\" \/>\ud83d\udccd <strong data-start=\"387\" data-end=\"408\">L\u2019\u00e9tang de Laumel<\/strong><\/p>\n<p data-start=\"412\" data-end=\"657\">Que vous soyez sportif, amateur de nature ou en qu\u00eate d\u2019une activit\u00e9 ludique en famille, ces parcours sont con\u00e7us pour vous ! Munissez-vous du fond de carte disponible et partez \u00e0 la recherche des balises diss\u00e9min\u00e9es sur ces magnifiques sites.<\/p>\n<h3 data-start=\"659\" data-end=\"687\"><strong data-start=\"663\" data-end=\"685\">Pourquoi essayer ?<\/strong><\/h3>\n<p data-start=\"688\" data-end=\"835\">\u2705 Activit\u00e9 gratuite et accessible \u00e0 tous<br data-start=\"728\" data-end=\"731\" \/>\u2705 D\u00e9couverte du patrimoine naturel de Gourdon<br data-start=\"776\" data-end=\"779\" \/>\u2705 Id\u00e9al pour les familles, les groupes et les sportifs<\/p>\n<p data-start=\"837\" data-end=\"911\">Envie de relever le d\u00e9fi ? T\u00e9l\u00e9chargez la carte et partez \u00e0 l\u2019aventure !<\/p>\n<p data-start=\"913\" data-end=\"977\" data-is-last-node=\"\" data-is-only-node=\"\">\u2139\ufe0f <strong data-start=\"916\" data-end=\"977\" data-is-last-node=\"\">Informations et cartes disponibles en ligne.<\/strong><\/p>\t\t\t\t\t\t<\/div>\n\t\t\t\t<\/div>\n\t\t\t\t\t<\/div>\n\t\t<\/div>\n\t\t\t\t\t<\/div>\n\t\t<\/section>\n\t\t\t\t<section class=\"elementor-section elementor-top-section elementor-element elementor-element-f1f063e elementor-section-boxed elementor-section-height-default elementor-section-height-default\" data-id=\"f1f063e\" data-element_type=\"section\">\n\t\t\t\t\t\t<div class=\"elementor-container elementor-column-gap-default\">\n\t\t\t\t\t<div class=\"elementor-column elementor-col-50 elementor-top-column elementor-element elementor-element-d30a0f1\" data-id=\"d30a0f1\" data-element_type=\"column\">\n\t\t\t<div class=\"elementor-widget-wrap elementor-element-populated\">\n\t\t\t\t\t\t<div class=\"elementor-element elementor-element-fe0be70 elementor-widget elementor-widget-image\" data-id=\"fe0be70\" data-element_type=\"widget\" data-widget_type=\"image.default\">\n\t\t\t\t<div class=\"elementor-widget-container\">\n\t\t\t\t\t\t\t\t\t\t\t\t\t<img decoding=\"async\" width=\"724\" height=\"1024\" src=\"https:\/\/servicesports.ccqb.fr\/wp-content\/uploads\/2025\/03\/PPO-EIP-5000_page-0001-724x1024.jpg\" class=\"attachment-large size-large wp-image-2453\" alt=\"\" srcset=\"https:\/\/servicesports.ccqb.fr\/wp-content\/uploads\/2025\/03\/PPO-EIP-5000_page-0001-724x1024.jpg 724w, https:\/\/servicesports.ccqb.fr\/wp-content\/uploads\/2025\/03\/PPO-EIP-5000_page-0001-212x300.jpg 212w, https:\/\/servicesports.ccqb.fr\/wp-content\/uploads\/2025\/03\/PPO-EIP-5000_page-0001-768x1087.jpg 768w, https:\/\/servicesports.ccqb.fr\/wp-content\/uploads\/2025\/03\/PPO-EIP-5000_page-0001-1086x1536.jpg 1086w, https:\/\/servicesports.ccqb.fr\/wp-content\/uploads\/2025\/03\/PPO-EIP-5000_page-0001-1447x2048.jpg 1447w, https:\/\/servicesports.ccqb.fr\/wp-content\/uploads\/2025\/03\/PPO-EIP-5000_page-0001-1024x1449.jpg 1024w, https:\/\/servicesports.ccqb.fr\/wp-content\/uploads\/2025\/03\/PPO-EIP-5000_page-0001-763x1080.jpg 763w, https:\/\/servicesports.ccqb.fr\/wp-content\/uploads\/2025\/03\/PPO-EIP-5000_page-0001-scaled.jpg 1809w\" sizes=\"(max-width: 724px) 100vw, 724px\" \/>\t\t\t\t\t\t\t\t\t\t\t\t\t<\/div>\n\t\t\t\t<\/div>\n\t\t\t\t\t<\/div>\n\t\t<\/div>\n\t\t\t\t<div class=\"elementor-column elementor-col-50 elementor-top-column elementor-element elementor-element-48a73ca\" data-id=\"48a73ca\" data-element_type=\"column\">\n\t\t\t<div class=\"elementor-widget-wrap elementor-element-populated\">\n\t\t\t\t\t\t<div class=\"elementor-element elementor-element-63eca52 elementor-widget elementor-widget-image\" data-id=\"63eca52\" data-element_type=\"widget\" data-widget_type=\"image.default\">\n\t\t\t\t<div class=\"elementor-widget-container\">\n\t\t\t\t\t\t\t\t\t\t\t\t\t<img decoding=\"async\" width=\"724\" height=\"1024\" src=\"https:\/\/servicesports.ccqb.fr\/wp-content\/uploads\/2025\/03\/Tous-Postes-25-avril-24_page-0001-724x1024.jpg\" class=\"attachment-large size-large wp-image-2454\" alt=\"\" srcset=\"https:\/\/servicesports.ccqb.fr\/wp-content\/uploads\/2025\/03\/Tous-Postes-25-avril-24_page-0001-724x1024.jpg 724w, https:\/\/servicesports.ccqb.fr\/wp-content\/uploads\/2025\/03\/Tous-Postes-25-avril-24_page-0001-212x300.jpg 212w, https:\/\/servicesports.ccqb.fr\/wp-content\/uploads\/2025\/03\/Tous-Postes-25-avril-24_page-0001-768x1087.jpg 768w, https:\/\/servicesports.ccqb.fr\/wp-content\/uploads\/2025\/03\/Tous-Postes-25-avril-24_page-0001-1086x1536.jpg 1086w, https:\/\/servicesports.ccqb.fr\/wp-content\/uploads\/2025\/03\/Tous-Postes-25-avril-24_page-0001-1447x2048.jpg 1447w, https:\/\/servicesports.ccqb.fr\/wp-content\/uploads\/2025\/03\/Tous-Postes-25-avril-24_page-0001-1024x1449.jpg 1024w, https:\/\/servicesports.ccqb.fr\/wp-content\/uploads\/2025\/03\/Tous-Postes-25-avril-24_page-0001-763x1080.jpg 763w, https:\/\/servicesports.ccqb.fr\/wp-content\/uploads\/2025\/03\/Tous-Postes-25-avril-24_page-0001-scaled.jpg 1809w\" sizes=\"(max-width: 724px) 100vw, 724px\" \/>\t\t\t\t\t\t\t\t\t\t\t\t\t<\/div>\n\t\t\t\t<\/div>\n\t\t\t\t\t<\/div>\n\t\t<\/div>\n\t\t\t\t\t<\/div>\n\t\t<\/section>\n\t\t\t\t<section class=\"elementor-section elementor-top-section elementor-element elementor-element-e339bf6 elementor-section-boxed elementor-section-height-default elementor-section-height-default\" data-id=\"e339bf6\" data-element_type=\"section\">\n\t\t\t\t\t\t<div class=\"elementor-container elementor-column-gap-default\">\n\t\t\t\t\t<div class=\"elementor-column elementor-col-50 elementor-top-column elementor-element elementor-element-a1fdd43\" data-id=\"a1fdd43\" data-element_type=\"column\">\n\t\t\t<div class=\"elementor-widget-wrap\">\n\t\t\t\t\t\t\t<\/div>\n\t\t<\/div>\n\t\t\t\t<div class=\"elementor-column elementor-col-50 elementor-top-column elementor-element elementor-element-4badf45\" data-id=\"4badf45\" data-element_type=\"column\">\n\t\t\t<div class=\"elementor-widget-wrap\">\n\t\t\t\t\t\t\t<\/div>\n\t\t<\/div>\n\t\t\t\t\t<\/div>\n\t\t<\/section>\n\t\t\t\t<section class=\"elementor-section elementor-top-section elementor-element elementor-element-d3c54f1 elementor-section-boxed elementor-section-height-default elementor-section-height-default\" data-id=\"d3c54f1\" data-element_type=\"section\">\n\t\t\t\t\t\t<div class=\"elementor-container elementor-column-gap-default\">\n\t\t\t\t\t<div class=\"elementor-column elementor-col-100 elementor-top-column elementor-element elementor-element-aca34d5\" data-id=\"aca34d5\" data-element_type=\"column\">\n\t\t\t<div class=\"elementor-widget-wrap elementor-element-populated\">\n\t\t\t\t\t\t<div class=\"elementor-element elementor-element-22d3c3c elementor-widget elementor-widget-image\" data-id=\"22d3c3c\" data-element_type=\"widget\" data-widget_type=\"image.default\">\n\t\t\t\t<div class=\"elementor-widget-container\">\n\t\t\t\t\t\t\t\t\t\t\t\t\t<img decoding=\"async\" src=\"http:\/\/servicesports.ccqb.fr\/wp-content\/uploads\/2025\/03\/PPO-EIP-5000.pdf\" title=\"\" alt=\"\" loading=\"lazy\" \/>\t\t\t\t\t\t\t\t\t\t\t\t\t<\/div>\n\t\t\t\t<\/div>\n\t\t\t\t\t<\/div>\n\t\t<\/div>\n\t\t\t\t\t<\/div>\n\t\t<\/section>\n\t\t\t\t<section class=\"elementor-section elementor-top-section elementor-element elementor-element-eb80d8e elementor-section-boxed elementor-section-height-default elementor-section-height-default\" data-id=\"eb80d8e\" data-element_type=\"section\">\n\t\t\t\t\t\t<div class=\"elementor-container elementor-column-gap-default\">\n\t\t\t\t\t<div class=\"elementor-column elementor-col-100 elementor-top-column elementor-element elementor-element-54d21c1\" data-id=\"54d21c1\" data-element_type=\"column\">\n\t\t\t<div class=\"elementor-widget-wrap elementor-element-populated\">\n\t\t\t\t\t\t<div class=\"elementor-element elementor-element-ca75ce8 elementor-widget elementor-widget-google_maps\" data-id=\"ca75ce8\" data-element_type=\"widget\" data-widget_type=\"google_maps.default\">\n\t\t\t\t<div class=\"elementor-widget-container\">\n\t\t\t<style>\/*! elementor - v3.23.0 - 05-08-2024 *\/\n.elementor-widget-google_maps .elementor-widget-container{overflow:hidden}.elementor-widget-google_maps .elementor-custom-embed{line-height:0}.elementor-widget-google_maps iframe{height:300px}<\/style>\t\t<div class=\"elementor-custom-embed\">\n\t\t\t<iframe loading=\"lazy\"\n\t\t\t\t\tsrc=\"https:\/\/maps.google.com\/maps?q=gourdon%2046300%20ecoute%20s%27il%20pleut&#038;t=m&#038;z=16&#038;output=embed&#038;iwloc=near\"\n\t\t\t\t\ttitle=\"gourdon 46300 ecoute s&#039;il pleut\"\n\t\t\t\t\taria-label=\"gourdon 46300 ecoute s&#039;il pleut\"\n\t\t\t><\/iframe>\n\t\t<\/div>\n\t\t\t\t<\/div>\n\t\t\t\t<\/div>\n\t\t\t\t\t<\/div>\n\t\t<\/div>\n\t\t\t\t\t<\/div>\n\t\t<\/section>\n\t\t\t\t<section class=\"elementor-section elementor-top-section elementor-element elementor-element-727a64e elementor-section-boxed elementor-section-height-default elementor-section-height-default\" data-id=\"727a64e\" data-element_type=\"section\">\n\t\t\t\t\t\t<div class=\"elementor-container elementor-column-gap-default\">\n\t\t\t\t\t<div class=\"elementor-column elementor-col-100 elementor-top-column elementor-element elementor-element-d2c6ebd\" data-id=\"d2c6ebd\" data-element_type=\"column\">\n\t\t\t<div class=\"elementor-widget-wrap elementor-element-populated\">\n\t\t\t\t\t\t<div class=\"elementor-element elementor-element-f789433 elementor-widget elementor-widget-embedpress_pdf\" data-id=\"f789433\" data-element_type=\"widget\" data-widget_type=\"embedpress_pdf.default\">\n\t\t\t\t<div class=\"elementor-widget-container\">\n\t\t\t    <div class=\"embedpress-document-embed ep-doc-c62134231f3a7a98c39f63f048f528c0 ose-document emebedpress-unit-percent \" data-thememode=\"default\" data-customcolor=\"\" data-toolbar=\"yes\" data-toolbar-position=\"top\" data-open=\"no\" data-presentation-mode=\"yes\" data-download=\"yes\" data-copy=\"yes\" data-add-image=\"yes\" data-rotate=\"yes\" data-details=\"yes\" data-id=\"embedpress-pdf-f789433\" data-selection-tool=\"0\" data-scrolling=\"0\" data-spreads=\"-1\" style=\" max-width:100%; display: inline-block\">\n\n        \n                <div >\n\n                    <div id=\"ep-elementor-content-f789433\" class=\"ep-elementor-content   ep-percentage-width   ep-content-protection-disabled\">\n                        <div id=\"f789433\" class=\"ep-embed-content-wraper\">\n                            <div><iframe title=\"Tous Postes 25 avril 24\" class=\"embedpress-embed-document-pdf embedpress-pdf-f789433\" allowfullscreen=\"true\" mozallowfullscreen=\"true\" webkitallowfullscreen=\"true\" style=\"width: 600%!important;height: 600px;; max-width:100%;\" src=\"http:\/\/servicesports.ccqb.fr\/wp-content\/uploads\/2026\/03\/Tous-Postes-25-avril-24.pdf\" class=\"embedpress-embed-document-pdf embedpress-pdf-f789433\" data-emid=\"embedpress-pdf-f789433\" data-embed-type=\"PDF\"><\/iframe><p class=\"embedpress-el-powered\">Powered By EmbedPress<\/p><\/div>                        <\/div>\n\n                    <\/div>\n\n\n                   \n                <\/div>\n            \n    <\/div>\n\n\t\t<\/div>\n\t\t\t\t<\/div>\n\t\t\t\t\t<\/div>\n\t\t<\/div>\n\t\t\t\t\t<\/div>\n\t\t<\/section>\n\t\t\t\t<\/div>\n\t\t","protected":false},"excerpt":{"rendered":"<p>D\u00e9couvrez les parcours d\u2019orientation de Gourdon ! La Ville de Gourdon met gratuitement \u00e0 votre disposition deux parcours d\u2019orientation pour explorer des sites naturels exceptionnels : \ud83d\udccd Base de loisirs \u00ab\u00a0\u00c9coute s&rsquo;il pleut\u00a0\u00bb\ud83d\udccd L\u2019\u00e9tang de Laumel Que vous soyez sportif, amateur de nature ou en qu\u00eate d\u2019une activit\u00e9 ludique en famille, ces parcours sont con\u00e7us&hellip; <br \/> <a class=\"read-more\" href=\"https:\/\/servicesports.ccqb.fr\/index.php\/sport-en-liberte\/\">Lire la suite<\/a><\/p>\n","protected":false},"author":1,"featured_media":1342,"parent":0,"menu_order":0,"comment_status":"closed","ping_status":"closed","template":"","meta":{"_eb_attr":"","footnotes":""},"class_list":["post-1338","page","type-page","status-publish","has-post-thumbnail","hentry"],"_links":{"self":[{"href":"https:\/\/servicesports.ccqb.fr\/index.php\/wp-json\/wp\/v2\/pages\/1338","targetHints":{"allow":["GET"]}}],"collection":[{"href":"https:\/\/servicesports.ccqb.fr\/index.php\/wp-json\/wp\/v2\/pages"}],"about":[{"href":"https:\/\/servicesports.ccqb.fr\/index.php\/wp-json\/wp\/v2\/types\/page"}],"author":[{"embeddable":true,"href":"https:\/\/servicesports.ccqb.fr\/index.php\/wp-json\/wp\/v2\/users\/1"}],"replies":[{"embeddable":true,"href":"https:\/\/servicesports.ccqb.fr\/index.php\/wp-json\/wp\/v2\/comments?post=1338"}],"version-history":[{"count":29,"href":"https:\/\/servicesports.ccqb.fr\/index.php\/wp-json\/wp\/v2\/pages\/1338\/revisions"}],"predecessor-version":[{"id":3449,"href":"https:\/\/servicesports.ccqb.fr\/index.php\/wp-json\/wp\/v2\/pages\/1338\/revisions\/3449"}],"wp:featuredmedia":[{"embeddable":true,"href":"https:\/\/servicesports.ccqb.fr\/index.php\/wp-json\/wp\/v2\/media\/1342"}],"wp:attachment":[{"href":"https:\/\/servicesports.ccqb.fr\/index.php\/wp-json\/wp\/v2\/media?parent=1338"}],"curies":[{"name":"wp","href":"https:\/\/api.w.org\/{rel}","templated":true}]}}