{"id":124,"date":"2023-02-01T15:21:42","date_gmt":"2023-02-01T14:21:42","guid":{"rendered":"http:\/\/servicesports.ccqb.fr\/?page_id=124"},"modified":"2026-03-26T12:15:00","modified_gmt":"2026-03-26T11:15:00","slug":"planning-la-poussie","status":"publish","type":"page","link":"https:\/\/servicesports.ccqb.fr\/index.php\/planning-la-poussie\/","title":{"rendered":"Planning La Poussie"},"content":{"rendered":"\n<figure class=\"wp-block-image size-large\"><img fetchpriority=\"high\" decoding=\"async\" width=\"1024\" height=\"724\" src=\"https:\/\/servicesports.ccqb.fr\/wp-content\/uploads\/2025\/09\/PLANNING-2025-2026-La-Poussie_page-0001-2-1024x724.jpg\" alt=\"\" class=\"wp-image-2712\" srcset=\"https:\/\/servicesports.ccqb.fr\/wp-content\/uploads\/2025\/09\/PLANNING-2025-2026-La-Poussie_page-0001-2-1024x724.jpg 1024w, https:\/\/servicesports.ccqb.fr\/wp-content\/uploads\/2025\/09\/PLANNING-2025-2026-La-Poussie_page-0001-2-300x212.jpg 300w, https:\/\/servicesports.ccqb.fr\/wp-content\/uploads\/2025\/09\/PLANNING-2025-2026-La-Poussie_page-0001-2-768x543.jpg 768w, https:\/\/servicesports.ccqb.fr\/wp-content\/uploads\/2025\/09\/PLANNING-2025-2026-La-Poussie_page-0001-2-1536x1086.jpg 1536w, https:\/\/servicesports.ccqb.fr\/wp-content\/uploads\/2025\/09\/PLANNING-2025-2026-La-Poussie_page-0001-2-2048x1448.jpg 2048w, https:\/\/servicesports.ccqb.fr\/wp-content\/uploads\/2025\/09\/PLANNING-2025-2026-La-Poussie_page-0001-2-1527x1080.jpg 1527w\" sizes=\"(max-width: 1024px) 100vw, 1024px\" \/><\/figure>\n\n\n\n<div data-wp-interactive=\"core\/file\" class=\"wp-block-file\"><object data-wp-bind--hidden=\"!state.hasPdfPreview\" hidden class=\"wp-block-file__embed\" data=\"https:\/\/servicesports.ccqb.fr\/wp-content\/uploads\/2025\/09\/PLANNING-2025-2026-La-Poussie.pdf\" type=\"application\/pdf\" style=\"width:100%;height:600px\" aria-label=\"Contenu embarqu\u00e9 PLANNING 2025 2026  La Poussie.\"><\/object><a id=\"wp-block-file--media-e58dfb94-8f08-41a5-b787-5a5843cdf8fd\" href=\"https:\/\/servicesports.ccqb.fr\/wp-content\/uploads\/2025\/09\/PLANNING-2025-2026-La-Poussie.pdf\" target=\"_blank\" rel=\"noreferrer noopener\">PLANNING 2025 2026  La Poussie<\/a><a href=\"https:\/\/servicesports.ccqb.fr\/wp-content\/uploads\/2025\/09\/PLANNING-2025-2026-La-Poussie.pdf\" class=\"wp-block-file__button wp-element-button\" download aria-describedby=\"wp-block-file--media-e58dfb94-8f08-41a5-b787-5a5843cdf8fd\">T\u00e9l\u00e9charger<\/a><\/div>\n\n\n\n<figure class=\"wp-block-image size-large\"><img decoding=\"async\" width=\"1024\" height=\"724\" src=\"https:\/\/servicesports.ccqb.fr\/wp-content\/uploads\/2026\/03\/Planning-maj-reservation-2025-2026-La-poussie_page-0001-2-1024x724.jpg\" alt=\"\" class=\"wp-image-3468\" srcset=\"https:\/\/servicesports.ccqb.fr\/wp-content\/uploads\/2026\/03\/Planning-maj-reservation-2025-2026-La-poussie_page-0001-2-1024x724.jpg 1024w, https:\/\/servicesports.ccqb.fr\/wp-content\/uploads\/2026\/03\/Planning-maj-reservation-2025-2026-La-poussie_page-0001-2-300x212.jpg 300w, https:\/\/servicesports.ccqb.fr\/wp-content\/uploads\/2026\/03\/Planning-maj-reservation-2025-2026-La-poussie_page-0001-2-768x543.jpg 768w, https:\/\/servicesports.ccqb.fr\/wp-content\/uploads\/2026\/03\/Planning-maj-reservation-2025-2026-La-poussie_page-0001-2-1536x1086.jpg 1536w, https:\/\/servicesports.ccqb.fr\/wp-content\/uploads\/2026\/03\/Planning-maj-reservation-2025-2026-La-poussie_page-0001-2-2048x1448.jpg 2048w, https:\/\/servicesports.ccqb.fr\/wp-content\/uploads\/2026\/03\/Planning-maj-reservation-2025-2026-La-poussie_page-0001-2-1527x1080.jpg 1527w\" sizes=\"(max-width: 1024px) 100vw, 1024px\" \/><\/figure>\n\n\n\n<figure class=\"wp-block-image size-large\"><img decoding=\"async\" width=\"1024\" height=\"724\" src=\"https:\/\/servicesports.ccqb.fr\/wp-content\/uploads\/2026\/03\/Planning-maj-reservation-2025-2026-La-poussie_page-0002-2-1024x724.jpg\" alt=\"\" class=\"wp-image-3469\" srcset=\"https:\/\/servicesports.ccqb.fr\/wp-content\/uploads\/2026\/03\/Planning-maj-reservation-2025-2026-La-poussie_page-0002-2-1024x724.jpg 1024w, https:\/\/servicesports.ccqb.fr\/wp-content\/uploads\/2026\/03\/Planning-maj-reservation-2025-2026-La-poussie_page-0002-2-300x212.jpg 300w, https:\/\/servicesports.ccqb.fr\/wp-content\/uploads\/2026\/03\/Planning-maj-reservation-2025-2026-La-poussie_page-0002-2-768x543.jpg 768w, https:\/\/servicesports.ccqb.fr\/wp-content\/uploads\/2026\/03\/Planning-maj-reservation-2025-2026-La-poussie_page-0002-2-1536x1086.jpg 1536w, https:\/\/servicesports.ccqb.fr\/wp-content\/uploads\/2026\/03\/Planning-maj-reservation-2025-2026-La-poussie_page-0002-2-2048x1448.jpg 2048w, https:\/\/servicesports.ccqb.fr\/wp-content\/uploads\/2026\/03\/Planning-maj-reservation-2025-2026-La-poussie_page-0002-2-1527x1080.jpg 1527w\" sizes=\"(max-width: 1024px) 100vw, 1024px\" \/><\/figure>\n\n\n\n<figure class=\"wp-block-image size-large\"><img loading=\"lazy\" decoding=\"async\" width=\"1024\" height=\"724\" src=\"https:\/\/servicesports.ccqb.fr\/wp-content\/uploads\/2026\/03\/Planning-maj-reservation-2025-2026-La-poussie_page-0003-2-1024x724.jpg\" alt=\"\" class=\"wp-image-3470\" srcset=\"https:\/\/servicesports.ccqb.fr\/wp-content\/uploads\/2026\/03\/Planning-maj-reservation-2025-2026-La-poussie_page-0003-2-1024x724.jpg 1024w, https:\/\/servicesports.ccqb.fr\/wp-content\/uploads\/2026\/03\/Planning-maj-reservation-2025-2026-La-poussie_page-0003-2-300x212.jpg 300w, https:\/\/servicesports.ccqb.fr\/wp-content\/uploads\/2026\/03\/Planning-maj-reservation-2025-2026-La-poussie_page-0003-2-768x543.jpg 768w, https:\/\/servicesports.ccqb.fr\/wp-content\/uploads\/2026\/03\/Planning-maj-reservation-2025-2026-La-poussie_page-0003-2-1536x1086.jpg 1536w, https:\/\/servicesports.ccqb.fr\/wp-content\/uploads\/2026\/03\/Planning-maj-reservation-2025-2026-La-poussie_page-0003-2-2048x1448.jpg 2048w, https:\/\/servicesports.ccqb.fr\/wp-content\/uploads\/2026\/03\/Planning-maj-reservation-2025-2026-La-poussie_page-0003-2-1527x1080.jpg 1527w\" sizes=\"(max-width: 1024px) 100vw, 1024px\" \/><\/figure>\n\n\n\n<div data-wp-interactive=\"core\/file\" class=\"wp-block-file\"><object data-wp-bind--hidden=\"!state.hasPdfPreview\" hidden class=\"wp-block-file__embed\" data=\"https:\/\/servicesports.ccqb.fr\/wp-content\/uploads\/2026\/03\/Planning-maj-reservation-2025-2026-La-poussie-2.pdf\" type=\"application\/pdf\" style=\"width:100%;height:600px\" aria-label=\"Contenu embarqu\u00e9 Planning m\u00e0j r\u00e9servation 2025-2026 - La poussie.\"><\/object><a id=\"wp-block-file--media-a3305702-f54d-4e67-a42d-a1c43611c7b7\" href=\"https:\/\/servicesports.ccqb.fr\/wp-content\/uploads\/2026\/03\/Planning-maj-reservation-2025-2026-La-poussie-2.pdf\">Planning m\u00e0j r\u00e9servation 2025-2026 &#8211; La poussie<\/a><a href=\"https:\/\/servicesports.ccqb.fr\/wp-content\/uploads\/2026\/03\/Planning-maj-reservation-2025-2026-La-poussie-2.pdf\" class=\"wp-block-file__button wp-element-button\" download aria-describedby=\"wp-block-file--media-a3305702-f54d-4e67-a42d-a1c43611c7b7\">T\u00e9l\u00e9charger<\/a><\/div>\n","protected":false},"excerpt":{"rendered":"","protected":false},"author":1,"featured_media":410,"parent":0,"menu_order":0,"comment_status":"closed","ping_status":"closed","template":"","meta":{"_eb_attr":"","footnotes":""},"class_list":["post-124","page","type-page","status-publish","has-post-thumbnail","hentry"],"_links":{"self":[{"href":"https:\/\/servicesports.ccqb.fr\/index.php\/wp-json\/wp\/v2\/pages\/124","targetHints":{"allow":["GET"]}}],"collection":[{"href":"https:\/\/servicesports.ccqb.fr\/index.php\/wp-json\/wp\/v2\/pages"}],"about":[{"href":"https:\/\/servicesports.ccqb.fr\/index.php\/wp-json\/wp\/v2\/types\/page"}],"author":[{"embeddable":true,"href":"https:\/\/servicesports.ccqb.fr\/index.php\/wp-json\/wp\/v2\/users\/1"}],"replies":[{"embeddable":true,"href":"https:\/\/servicesports.ccqb.fr\/index.php\/wp-json\/wp\/v2\/comments?post=124"}],"version-history":[{"count":18,"href":"https:\/\/servicesports.ccqb.fr\/index.php\/wp-json\/wp\/v2\/pages\/124\/revisions"}],"predecessor-version":[{"id":3471,"href":"https:\/\/servicesports.ccqb.fr\/index.php\/wp-json\/wp\/v2\/pages\/124\/revisions\/3471"}],"wp:featuredmedia":[{"embeddable":true,"href":"https:\/\/servicesports.ccqb.fr\/index.php\/wp-json\/wp\/v2\/media\/410"}],"wp:attachment":[{"href":"https:\/\/servicesports.ccqb.fr\/index.php\/wp-json\/wp\/v2\/media?parent=124"}],"curies":[{"name":"wp","href":"https:\/\/api.w.org\/{rel}","templated":true}]}}